{"id":120376,"date":"2019-09-30T14:02:00","date_gmt":"2019-09-30T12:02:00","guid":{"rendered":"http:\/\/fundssociety.lo\/who-we-are\/"},"modified":"2022-08-09T18:37:18","modified_gmt":"2022-08-09T16:37:18","slug":"quienes-somos","status":"publish","type":"page","link":"https:\/\/test.fundssociety.com\/es\/quienes-somos\/","title":{"rendered":"Qui\u00e9nes somos"},"content":{"rendered":"<p><strong>DIRECCI\u00d3N<\/strong><\/p>\n<p><img decoding=\"async\" src=\"https:\/\/www.fundssociety.com\/sites\/default\/files\/inline-images\/alicia-jimenez_2.png\" alt=\"Alicia Jim\u00e9nez de la Riva\" data-entity-type=\"file\" data-entity-uuid=\"36b3aa6c-21f0-4137-b36d-1b4f4d5d491c\"><\/p>\n<p><strong>Alicia Jim\u00e9nez de la Riva<\/strong>, <strong>socia ejecutiva y directora<\/strong>, cuenta con trece a\u00f1os de experiencia en el sector financiero europeo donde ha trabajado para diversos bancos en Madrid antes de trasladarse a Miami donde crea y dirige Funds Americas desde 2010 hasta 2012. Con anterioridad trabaj\u00f3 durante nueve a\u00f1os como directora de an\u00e1lisis del banco por internet Self Bank (Grupo Societ\u00e9 G\u00e9n\u00e9rale y La Caixa), entidad financiera de cuyo equipo directivo form\u00f3 parte desde su fundaci\u00f3n en el a\u00f1o 2000 hasta 2009. Previamente se desempe\u00f1\u00f3 durante cuatro a\u00f1os como analista de renta variable en la gestora de Banif y en la sociedad de valores de Banco Santander.<\/p>\n<p>alicia.jimenez@fundssociety.com<\/p>\n<p><strong><img decoding=\"async\" src=\"https:\/\/www.fundssociety.com\/sites\/default\/files\/inline-images\/elena-santiso_1.png\" alt=\"Elena Santiso\" data-entity-type=\"file\" data-entity-uuid=\"592d047a-261c-47f3-b496-12a87eeccc6d\"><\/strong><\/p>\n<p><strong>Elena Santiso<\/strong>, <strong>socia ejecutiva y directora comercial y de Negocio<\/strong>, cuenta con m\u00e1s de 10 a\u00f1os de experiencia en el sector financiero tanto en Espa\u00f1a como en Estados Unidos. Inici\u00f3 su carrea profesional dentro de la gesti\u00f3n en el Departamento de Inversiones del Banco Santander. Tambi\u00e9n trabaj\u00f3 en N+1 como gestora de carteras y en Credit Agricole como ventas institucional. Desde hace varios a\u00f1os vive en Miami, donde antes de unirse al proyecto de Funds Americas en 2011 como directora de Contenidos, trabaj\u00f3 gestionando carteras de clientes privados espa\u00f1oles y latinoamericanos en PRS, family office miembro de EFG International.<\/p>\n<p>elena.santiso@fundssociety.com<\/p>\n<p><strong>REDACCI\u00d3N<\/strong><\/p>\n<p><img decoding=\"async\" src=\"https:\/\/www.fundssociety.com\/sites\/default\/files\/inline-images\/alicia-miguel_1.png\" alt=\"Alicia Miguel Serrano\" data-entity-type=\"file\" data-entity-uuid=\"107e344f-7222-485f-81ed-471c81f39aef\"><\/p>\n<p dir=\"ltr\"><strong>Alicia Miguel Serrano<\/strong>, redactora jefe y responsable de Funds Society en el mercado espa\u00f1ol, cuenta con 15 a\u00f1os de experiencia en el mundo del periodismo econ\u00f3mico y financiero. Empez\u00f3 su carrera en La Gaceta de los Negocios, donde escrib\u00eda en la secci\u00f3n de Mercados y sigui\u00f3 en Funds People, donde elaboraba contenidos relacionados con la industria de fondos de inversi\u00f3n. Tambi\u00e9n ha colaborado con publicaciones como Inversi\u00f3n y Finanzas, y elaborado contenidos para el proyecto Mi Jubilaci\u00f3n, de BBVA. Se incorpor\u00f3 a Funds Society en 2013 para desarrollar la propuesta de contenidos en el mercado espa\u00f1ol y dirige la newsletter y revista en este mercado desde su lanzamiento (la primera en 2014 y la segunda, en enero de 2016). Es coordinadora del equipo de redacci\u00f3n global desde la oficina de Madrid, instaurada en 2018, y que engloba tanto Funds Society como Futuro a Fondo. Es licenciada en periodismo por la Universidad Complutense de Madrid y cuenta con el M\u00e1ster de Especialista en informaci\u00f3n econ\u00f3mica de la Asociaci\u00f3n de Periodistas de Informaci\u00f3n Econ\u00f3mica (APIE) y la Universidad de Zaragoza.<\/p>\n<p dir=\"ltr\">alicia.miguel@fundssociety.com<\/p>\n<p dir=\"ltr\">\n<p><img decoding=\"async\" src=\"https:\/\/www.fundssociety.com\/sites\/default\/files\/inline-images\/bea_0.png\" alt=\"Beatriz Z\u00fa\u00f1iga\" data-entity-type=\"file\" data-entity-uuid=\"50de0111-a9e9-4623-800e-50740720db7f\"><\/p>\n<p dir=\"ltr\"><strong>Beatriz Z\u00fa\u00f1iga<\/strong> es redactora de contenidos globales en Funds Society. Con sede en Madrid, cuenta con m\u00e1s de diez a\u00f1os de experiencia en el periodismo econ\u00f3mico. Ha trabajado en publicaciones como Actualidad Econ\u00f3mica, Expansi\u00f3n, La Gaceta de los Negocios y Revista Dinero. Se licenci\u00f3 en el Centro Universitario Villanueva en 2008, centro adscrito a la Universidad Complutense de Madrid y, entre otras formaciones complementarias, curs\u00f3 el postgrado de formaci\u00f3n econ\u00f3mica Especialista en Informaci\u00f3n Econ\u00f3mica, por la Asociaci\u00f3n de Periodistas de Informaci\u00f3n Econ\u00f3mica (APIE) y la Universidad Internacional Men\u00e9ndez Pelayo (UIMP), en 2015.<\/p>\n<p dir=\"ltr\">beatriz.zuniga@fundssociety.com<\/p>\n<p dir=\"ltr\">\n<p dir=\"ltr\">\n<p>&nbsp;<img decoding=\"async\" src=\"https:\/\/www.fundssociety.com\/sites\/default\/files\/inline-images\/sofia_0.png\" alt=\"Sof\u00eda Cisneros Gav\u00edn\" data-entity-type=\"file\" data-entity-uuid=\"fc8edb7c-e7f1-4a74-8da3-b5f7d727f05b\"><\/p>\n<p dir=\"ltr\"><strong>Sof\u00eda Cisneros Gav\u00edn <\/strong>se gradu\u00f3 en 2019 en Periodismo en la Universidad Complutense de Madrid habiendo cursado un a\u00f1o en la Vrije Universiteit Brussels. Cuenta con experiencia en el mundo del periodismo deportivo ya que ha colaborado con medios digitales como Capital Deporte o el departamento de prensa de la Real Federaci\u00f3n Espa\u00f1ola de Esgrima donde lanz\u00f3 el proyecto de Mujer y Esgrima. Recientemente se ha unido al equipo de Futuro a Fondo y Funds Society como redactora j\u00fanior.<\/p>\n<p dir=\"ltr\">sofia.cisneros@futuroafondo.com<\/p>\n<p dir=\"ltr\">\n<p><img decoding=\"async\" src=\"https:\/\/www.fundssociety.com\/sites\/default\/files\/inline-images\/magda_0.png\" alt=\"Magdalena Mart\u00ednez Vial\" data-entity-type=\"file\" data-entity-uuid=\"79cce71e-23b9-430b-bafa-2fed7724941a\"><\/p>\n<p dir=\"ltr\"><strong>Magdalena Mart\u00ednez Vial<\/strong>, basada en Montevideo, est\u00e1 a cargo de la newsletter para Latinoam\u00e9rica y es directora de la revista en las Am\u00e9ricas. Tiene m\u00e1s de 25 a\u00f1os de experiencia en medios de comunicaci\u00f3n internacionales como El Pa\u00eds, la Agence France Presse (AFP), Radio Francia Internacional (RFI) o Euronews, entre otros. Estudi\u00f3 Periodismo y Comunicaci\u00f3n en la Universidad Libre de Bruselas y es autora del libro-gu\u00eda \u00abMontevideo, la bella durmiente\u00bb.<\/p>\n<p dir=\"ltr\">magdalena.martinez@fundssociety.com<\/p>\n<p dir=\"ltr\">\n<p>&nbsp;<img loading=\"lazy\" decoding=\"async\" class=\" size-full wp-image-120366\" src=\"http:\/\/fundssociety.lo\/wp-content\/uploads\/2019\/09\/Perfil-Marcelo.jpg\" alt=\"Marcelo Soba\" width=\"104\" height=\"99\" data-entity-type=\"file\" data-entity-uuid=\"73c0107b-11af-4645-853b-def333f9ea5f\"><\/p>\n<p dir=\"ltr\"><strong>Marcelo Soba<\/strong> es redactor de contenidos para el negocio de US Offshore y encargado de la newsletter para ese mercado. En sus 12 a\u00f1os de experiencia en periodismo, cinco estuvieron dedicados al periodismo de agencia internacional. Tiene una licenciatura en Comunicaci\u00f3n opci\u00f3n Periodismo por la Universidad ORT de Uruguay y ha cursado estudios b\u00e1sicos en Econom\u00eda en la Universidad de la Rep\u00fablica del Uruguay.<\/p>\n<p dir=\"ltr\">marcelo.soba@fundssociety.com<\/p>\n<p dir=\"ltr\">\n<p>&nbsp;<img loading=\"lazy\" decoding=\"async\" class=\" size-full wp-image-120368\" src=\"http:\/\/fundssociety.lo\/wp-content\/uploads\/2019\/09\/f4ydxnx4.jpg\" alt=\"Javiera Donoso\" width=\"97\" height=\"97\" data-entity-type=\"file\" data-entity-uuid=\"ed44ede7-dde1-48da-b5cf-3cc40670b0a2\"><\/p>\n<p dir=\"ltr\"><strong>Javiera Donoso<\/strong> es una periodista chilena especializada en inversiones y forma parte del equipo de Funds Society como corresponsal para la regi\u00f3n andina. Basada en Santiago de Chile, trabaj\u00f3 cubriendo mercados e industria financiera en distintos medios de prensa especializada del pa\u00eds en los \u00faltimos seis a\u00f1os, con pasos por Estrategia, Pulso (La Tercera) y Diario Financiero. Estudi\u00f3 en la Universidad Cat\u00f3lica de Chile y es autora de la novela \u201cEl pozo\u201d.<\/p>\n<p dir=\"ltr\">javiera.donoso@fundssociety.com<\/p>\n<p dir=\"ltr\">\n<p><img decoding=\"async\" src=\"https:\/\/www.fundssociety.com\/sites\/default\/files\/inline-images\/gabriela.png\" alt=\"Patricia Juli\u00e1\" data-entity-type=\"file\" data-entity-uuid=\"886e790f-c322-4f66-b12f-82579c4e7e62\"><\/p>\n<p dir=\"ltr\"><strong>Gabriela Huerta<\/strong> es una periodista mexicana especializada en finanzas&nbsp;y el mercado latinoamericano de administraci\u00f3n y gesti\u00f3n de activos. Desde 2015 escribe para Funds Society. Durante los dos a\u00f1os previos fue parte del equipo que lanz\u00f3 El Financiero Bloomberg TV, donde se desempe\u00f1aba como analista y presentadora de noticias. Antes de unirse a Bloomberg, fue corresponsal para el mercado mexicano en Funds Society, grupo al que se uni\u00f3 desde su creaci\u00f3n. Anteriormente trabajaba con las fundadoras de Funds Society en Funds Americas, donde empez\u00f3 en agosto de 2011, mientras continuaba como vice&nbsp;presidente de operaciones y finanzas en Tacit Knowledge, donde trabaj\u00f3 de 2007 a abril 2012, antes de seguir su sue\u00f1o de convertirse en periodista. Previo a Tacit Knowledge, vivi\u00f3 seis a\u00f1os en Madrid donde trabaj\u00f3 como analista burs\u00e1til en la&nbsp;espa\u00f1ola Self Trade Bank, fue parte de un estudio de benchmarking para Banco Santander Central Hispano y se gradu\u00f3 de su MBA en el Instituto de Estudios Burs\u00e1tiles y de Negocios Internacionales en la Universidad de Saint Louis.<\/p>\n<p dir=\"ltr\">gabriela.huerta@fundssociety.com<\/p>\n<p dir=\"ltr\">\n<p>&nbsp;<img loading=\"lazy\" decoding=\"async\" class=\" size-full wp-image-120370\" src=\"http:\/\/fundssociety.lo\/wp-content\/uploads\/2019\/09\/5b815knw.jpg\" alt=\"Meritxell Sed\u00f3\" width=\"98\" height=\"98\" data-entity-type=\"file\" data-entity-uuid=\"b19463bf-e390-4117-8851-55252c7451f7\"><\/p>\n<p dir=\"ltr\"><strong>Meritxell Sed\u00f3<\/strong> es redactora de contenidos patrocinados en Funds Society. Cuenta con m\u00e1s de una d\u00e9cada de experiencia en el sector financiero internacional, habiendo desempe\u00f1ado la mayor parte de su carrera en el sector de Wealth Management. Meritxell es licenciada en Administraci\u00f3n y Direcci\u00f3n de Empresas por la Universidad Complutense de Madrid y habla de forma fluida ingl\u00e9s y portugu\u00e9s.<\/p>\n<p dir=\"ltr\">meritxell.sedo@fundssociety.com<\/p>\n<p dir=\"ltr\">\n<p>&nbsp;<img loading=\"lazy\" decoding=\"async\" class=\" size-full wp-image-120372\" src=\"http:\/\/fundssociety.lo\/wp-content\/uploads\/2019\/09\/61yecssd.jpg\" alt=\"Romina L\u00f3pez\" width=\"98\" height=\"96\" data-entity-type=\"file\" data-entity-uuid=\"8b66fb08-c483-4f36-b5b1-de548eda7fe1\"><\/p>\n<p dir=\"ltr\"><strong>Romina L\u00f3pez La Rosa<\/strong> es redactora de contenidos patrocinados en Funds Society. Est\u00e1 especializada en periodismo econ\u00f3mico y relacionado con temas de ciencia y tecnolog\u00eda desde hace m\u00e1s de 10 a\u00f1os, con colaboraciones en medios como Expansi\u00f3n y en el servicio en espa\u00f1ol de la agencia alemana dpa. En Espa\u00f1a, donde reside desde 1997, fue tambi\u00e9n editora de pol\u00edtica internacional en dpa y realiz\u00f3 coberturas especiales de la agencia como enviada a varios pa\u00edses de Am\u00e9rica Latina, Alemania, Corea del Sur y Australia. Es licenciada en Ciencias de la Comunicaci\u00f3n por la Universidad de Buenos Aires (UBA).<\/p>\n<p dir=\"ltr\">romina.lopez@fundssociety.com<\/p>\n<p><img decoding=\"async\" src=\"https:\/\/www.fundssociety.com\/sites\/default\/files\/inline-images\/irene_0.png\" alt=\"Irene Valiente\" data-entity-type=\"file\" data-entity-uuid=\"3d18507c-24ea-42a3-aa86-95ec33af2536\"><\/p>\n<p dir=\"ltr\"><strong>Irene Valiente<\/strong> es la encargada del bolet\u00edn en ingl\u00e9s de Funds Society. Adem\u00e1s de dedicarse a la informaci\u00f3n econ\u00f3mica, est\u00e1 especializada en periodismo cultural y colabora en gu\u00edas de viajes. Inici\u00f3 su carrera en la Cadena SER y despu\u00e9s trabaj\u00f3 en la Agencia Efe, primero en la secci\u00f3n de empresas en Madrid y m\u00e1s tarde como corresponsal en Buenos Aires. Tambi\u00e9n ha colaborado con varias revistas digitales y en papel como redactora de temas de feminismo, cultura, ocio y relaciones internacionales. Se gradu\u00f3 en Periodismo en la Universidad Carlos III de Madrid en 2014 y curs\u00f3 el m\u00e1ster de Periodismo Internacional de la UNED.<\/p>\n<p dir=\"ltr\">irene.valiente@fundssociety.com<\/p>\n<p dir=\"ltr\">\n<p><strong>MARKETING<\/strong><\/p>\n<p><img decoding=\"async\" src=\"https:\/\/www.fundssociety.com\/sites\/default\/files\/inline-images\/nazaret.png\" alt=\"Nazaret Mora\" data-entity-type=\"file\" data-entity-uuid=\"2052ab8c-08f8-4db4-9c25-4b8c8050174e\"><\/p>\n<p dir=\"ltr\"><strong>Nazaret Mora <\/strong>es la responsable de marketing y publicidad de Funds Society. Con una trayectoria de m\u00e1s de quince a\u00f1os de experiencia vinculada al sector financiero, comenz\u00f3 su desarrollo profesional en la red comercial de entidades bancarias como Barclays Bank. Posteriormente redirigi\u00f3 su carrera al mundo del marketing en 2014 de la mano de AXA IM. Ha colaborado con bancos europeos y revistas financieras nacionales como Funds People, en la que colider\u00f3 la estrategia de transformaci\u00f3n digital del medio. Estudi\u00f3 Derecho y Administraci\u00f3n y Direcci\u00f3n de Empresas en la Universidad Aut\u00f3noma de Madrid.<\/p>\n<p dir=\"ltr\">nazaret.mora@fundssociety.com<\/p>\n<p dir=\"ltr\">\n<p><img decoding=\"async\" src=\"https:\/\/www.fundssociety.com\/sites\/default\/files\/inline-images\/luis_0.png\" alt=\"Luis Montenegro P\u00e9rez-Moreiras\" data-entity-type=\"file\" data-entity-uuid=\"464e377a-c5c6-42a5-96d1-53fc9d4a94d7\"><\/p>\n<p dir=\"ltr\"><strong>Luis Montenegro P\u00e9rez-Moreiras<\/strong> es el community manager de Funds Society y Futuro a Fondo y est\u00e1 a cargo de las redes sociales, el reporting para los patrocinadores de la revista y la base de datos de Funds Society. Tambi\u00e9n colabora con el departamento de marketing. Estudi\u00f3 Sociolog\u00eda en la Universidad Complutense de Madrid.<\/p>\n<p dir=\"ltr\">luis.montenegro@fundssociety.com<\/p>\n<p dir=\"ltr\">\n<p>&nbsp;<img loading=\"lazy\" decoding=\"async\" class=\" size-full wp-image-120374\" src=\"http:\/\/fundssociety.lo\/wp-content\/uploads\/2019\/09\/MK.png\" alt=\"Madina Kurbanova\" width=\"96\" height=\"135\" data-entity-type=\"file\" data-entity-uuid=\"0708d57d-ff1b-4f09-98f6-247bde354519\" srcset=\"https:\/\/test.fundssociety.com\/wp-content\/uploads\/2019\/09\/MK.png 643w, https:\/\/test.fundssociety.com\/wp-content\/uploads\/2019\/09\/MK-214x300.png 214w\" sizes=\"(max-width: 96px) 100vw, 96px\" \/><\/p>\n<p dir=\"ltr\"><strong>Madina Kurbanova<\/strong> es&nbsp;especialista de marketing digital con experiencia laboral en el sector de medios de comunicaci\u00f3n en diferentes partes del mundo:&nbsp;Asia Central, Europa y Am\u00e9ricas. Es la responsable de la gesti\u00f3n de la publicidad online&nbsp;de Funds Society, el reporting de la revista online, la implementaci\u00f3n&nbsp;de los emails dedicados, el reporting y los analytics de todas las campa\u00f1as digitales. Tambi\u00e9n est\u00e1 encargada de las redes sociales de Futuro a Fondo.&nbsp;<span lang=\"EN-US\">Estudi\u00f3&nbsp;<\/span>Business Management en la University of Gloucestershire en Londres y Master en Marketing Digital en Gade Business School Madrid.<\/p>\n<p dir=\"ltr\">madina.kurbanova@fundssociety.com<\/p>\n","protected":false},"excerpt":{"rendered":"<p>DIRECCI\u00d3N Alicia Jim\u00e9nez de la Riva, socia ejecutiva y directora, cuenta con trece a\u00f1os de experiencia en el sector financiero europeo donde ha trabajado para diversos bancos en Madrid antes de trasladarse a Miami donde crea y dirige Funds Americas desde 2010 hasta 2012. Con anterioridad trabaj\u00f3 durante nueve a\u00f1os como directora de an\u00e1lisis del&hellip;<\/p>\n<p><a class=\"btn btn-primary\" href=\"https:\/\/test.fundssociety.com\/es\/quienes-somos\/\">Continuar leyendo <i class=\"fas fa-arrow-right\"><\/i><\/a><\/p>\n","protected":false},"author":1,"featured_media":0,"parent":0,"menu_order":0,"comment_status":"closed","ping_status":"closed","template":"page-templates\/sobre-nosotros.php","meta":{"content-type":"","inline_featured_image":false,"footnotes":""},"yoast_head":"<!-- This site is optimized with the Yoast SEO plugin v24.2 - https:\/\/yoast.com\/wordpress\/plugins\/seo\/ -->\n<title>Qui\u00e9nes somos - Funds Dev<\/title>\n<meta name=\"robots\" content=\"noindex, follow, max-snippet:-1, max-image-preview:large, max-video-preview:-1\" \/>\n<meta property=\"og:locale\" content=\"es_ES\" \/>\n<meta property=\"og:type\" content=\"article\" \/>\n<meta property=\"og:title\" content=\"Qui\u00e9nes somos - Funds Dev\" \/>\n<meta property=\"og:description\" content=\"DIRECCI\u00d3N Alicia Jim\u00e9nez de la Riva, socia ejecutiva y directora, cuenta con trece a\u00f1os de experiencia en el sector financiero europeo donde ha trabajado para diversos bancos en Madrid antes de trasladarse a Miami donde crea y dirige Funds Americas desde 2010 hasta 2012. Con anterioridad trabaj\u00f3 durante nueve a\u00f1os como directora de an\u00e1lisis del&hellip;Continuar leyendo\" \/>\n<meta property=\"og:url\" content=\"https:\/\/test.fundssociety.com\/es\/quienes-somos\/\" \/>\n<meta property=\"og:site_name\" content=\"Funds Dev\" \/>\n<meta property=\"article:modified_time\" content=\"2022-08-09T16:37:18+00:00\" \/>\n<meta property=\"og:image\" content=\"https:\/\/www.fundssociety.com\/sites\/default\/files\/inline-images\/alicia-jimenez_2.png\" \/>\n<meta name=\"twitter:card\" content=\"summary_large_image\" \/>\n<meta name=\"twitter:label1\" content=\"Tiempo de lectura\" \/>\n\t<meta name=\"twitter:data1\" content=\"10 minutos\" \/>\n<script type=\"application\/ld+json\" class=\"yoast-schema-graph\">{\"@context\":\"https:\/\/schema.org\",\"@graph\":[{\"@type\":\"WebPage\",\"@id\":\"https:\/\/test.fundssociety.com\/es\/quienes-somos\/\",\"url\":\"https:\/\/test.fundssociety.com\/es\/quienes-somos\/\",\"name\":\"Qui\u00e9nes somos - Funds Dev\",\"isPartOf\":{\"@id\":\"https:\/\/test.fundssociety.com\/es\/#website\"},\"primaryImageOfPage\":{\"@id\":\"https:\/\/test.fundssociety.com\/es\/quienes-somos\/#primaryimage\"},\"image\":{\"@id\":\"https:\/\/test.fundssociety.com\/es\/quienes-somos\/#primaryimage\"},\"thumbnailUrl\":\"https:\/\/www.fundssociety.com\/sites\/default\/files\/inline-images\/alicia-jimenez_2.png\",\"datePublished\":\"2019-09-30T12:02:00+00:00\",\"dateModified\":\"2022-08-09T16:37:18+00:00\",\"breadcrumb\":{\"@id\":\"https:\/\/test.fundssociety.com\/es\/quienes-somos\/#breadcrumb\"},\"inLanguage\":\"es\",\"potentialAction\":[{\"@type\":\"ReadAction\",\"target\":[\"https:\/\/test.fundssociety.com\/es\/quienes-somos\/\"]}]},{\"@type\":\"ImageObject\",\"inLanguage\":\"es\",\"@id\":\"https:\/\/test.fundssociety.com\/es\/quienes-somos\/#primaryimage\",\"url\":\"https:\/\/www.fundssociety.com\/sites\/default\/files\/inline-images\/alicia-jimenez_2.png\",\"contentUrl\":\"https:\/\/www.fundssociety.com\/sites\/default\/files\/inline-images\/alicia-jimenez_2.png\"},{\"@type\":\"BreadcrumbList\",\"@id\":\"https:\/\/test.fundssociety.com\/es\/quienes-somos\/#breadcrumb\",\"itemListElement\":[{\"@type\":\"ListItem\",\"position\":1,\"name\":\"Portada\",\"item\":\"https:\/\/test.fundssociety.com\/es\/\"},{\"@type\":\"ListItem\",\"position\":2,\"name\":\"Qui\u00e9nes somos\"}]},{\"@type\":\"WebSite\",\"@id\":\"https:\/\/test.fundssociety.com\/es\/#website\",\"url\":\"https:\/\/test.fundssociety.com\/es\/\",\"name\":\"Funds Dev\",\"description\":\"Punto de encuentro para la industria de Asset y Wealth Management\",\"publisher\":{\"@id\":\"https:\/\/test.fundssociety.com\/es\/#organization\"},\"potentialAction\":[{\"@type\":\"SearchAction\",\"target\":{\"@type\":\"EntryPoint\",\"urlTemplate\":\"https:\/\/test.fundssociety.com\/es\/?s={search_term_string}\"},\"query-input\":{\"@type\":\"PropertyValueSpecification\",\"valueRequired\":true,\"valueName\":\"search_term_string\"}}],\"inLanguage\":\"es\"},{\"@type\":\"Organization\",\"@id\":\"https:\/\/test.fundssociety.com\/es\/#organization\",\"name\":\"Funds Dev\",\"url\":\"https:\/\/test.fundssociety.com\/es\/\",\"logo\":{\"@type\":\"ImageObject\",\"inLanguage\":\"es\",\"@id\":\"https:\/\/test.fundssociety.com\/es\/#\/schema\/logo\/image\/\",\"url\":\"https:\/\/test.fundssociety.com\/wp-content\/uploads\/2022\/06\/logo.svg\",\"contentUrl\":\"https:\/\/test.fundssociety.com\/wp-content\/uploads\/2022\/06\/logo.svg\",\"width\":355,\"height\":66,\"caption\":\"Funds Dev\"},\"image\":{\"@id\":\"https:\/\/test.fundssociety.com\/es\/#\/schema\/logo\/image\/\"}}]}<\/script>\n<!-- \/ Yoast SEO plugin. -->","yoast_head_json":{"title":"Qui\u00e9nes somos - Funds Dev","robots":{"index":"noindex","follow":"follow","max-snippet":"max-snippet:-1","max-image-preview":"max-image-preview:large","max-video-preview":"max-video-preview:-1"},"og_locale":"es_ES","og_type":"article","og_title":"Qui\u00e9nes somos - Funds Dev","og_description":"DIRECCI\u00d3N Alicia Jim\u00e9nez de la Riva, socia ejecutiva y directora, cuenta con trece a\u00f1os de experiencia en el sector financiero europeo donde ha trabajado para diversos bancos en Madrid antes de trasladarse a Miami donde crea y dirige Funds Americas desde 2010 hasta 2012. Con anterioridad trabaj\u00f3 durante nueve a\u00f1os como directora de an\u00e1lisis del&hellip;Continuar leyendo","og_url":"https:\/\/test.fundssociety.com\/es\/quienes-somos\/","og_site_name":"Funds Dev","article_modified_time":"2022-08-09T16:37:18+00:00","og_image":[{"url":"https:\/\/www.fundssociety.com\/sites\/default\/files\/inline-images\/alicia-jimenez_2.png","type":"","width":"","height":""}],"twitter_card":"summary_large_image","twitter_misc":{"Tiempo de lectura":"10 minutos"},"schema":{"@context":"https:\/\/schema.org","@graph":[{"@type":"WebPage","@id":"https:\/\/test.fundssociety.com\/es\/quienes-somos\/","url":"https:\/\/test.fundssociety.com\/es\/quienes-somos\/","name":"Qui\u00e9nes somos - Funds Dev","isPartOf":{"@id":"https:\/\/test.fundssociety.com\/es\/#website"},"primaryImageOfPage":{"@id":"https:\/\/test.fundssociety.com\/es\/quienes-somos\/#primaryimage"},"image":{"@id":"https:\/\/test.fundssociety.com\/es\/quienes-somos\/#primaryimage"},"thumbnailUrl":"https:\/\/www.fundssociety.com\/sites\/default\/files\/inline-images\/alicia-jimenez_2.png","datePublished":"2019-09-30T12:02:00+00:00","dateModified":"2022-08-09T16:37:18+00:00","breadcrumb":{"@id":"https:\/\/test.fundssociety.com\/es\/quienes-somos\/#breadcrumb"},"inLanguage":"es","potentialAction":[{"@type":"ReadAction","target":["https:\/\/test.fundssociety.com\/es\/quienes-somos\/"]}]},{"@type":"ImageObject","inLanguage":"es","@id":"https:\/\/test.fundssociety.com\/es\/quienes-somos\/#primaryimage","url":"https:\/\/www.fundssociety.com\/sites\/default\/files\/inline-images\/alicia-jimenez_2.png","contentUrl":"https:\/\/www.fundssociety.com\/sites\/default\/files\/inline-images\/alicia-jimenez_2.png"},{"@type":"BreadcrumbList","@id":"https:\/\/test.fundssociety.com\/es\/quienes-somos\/#breadcrumb","itemListElement":[{"@type":"ListItem","position":1,"name":"Portada","item":"https:\/\/test.fundssociety.com\/es\/"},{"@type":"ListItem","position":2,"name":"Qui\u00e9nes somos"}]},{"@type":"WebSite","@id":"https:\/\/test.fundssociety.com\/es\/#website","url":"https:\/\/test.fundssociety.com\/es\/","name":"Funds Dev","description":"Punto de encuentro para la industria de Asset y Wealth Management","publisher":{"@id":"https:\/\/test.fundssociety.com\/es\/#organization"},"potentialAction":[{"@type":"SearchAction","target":{"@type":"EntryPoint","urlTemplate":"https:\/\/test.fundssociety.com\/es\/?s={search_term_string}"},"query-input":{"@type":"PropertyValueSpecification","valueRequired":true,"valueName":"search_term_string"}}],"inLanguage":"es"},{"@type":"Organization","@id":"https:\/\/test.fundssociety.com\/es\/#organization","name":"Funds Dev","url":"https:\/\/test.fundssociety.com\/es\/","logo":{"@type":"ImageObject","inLanguage":"es","@id":"https:\/\/test.fundssociety.com\/es\/#\/schema\/logo\/image\/","url":"https:\/\/test.fundssociety.com\/wp-content\/uploads\/2022\/06\/logo.svg","contentUrl":"https:\/\/test.fundssociety.com\/wp-content\/uploads\/2022\/06\/logo.svg","width":355,"height":66,"caption":"Funds Dev"},"image":{"@id":"https:\/\/test.fundssociety.com\/es\/#\/schema\/logo\/image\/"}}]}},"acf":[],"_links":{"self":[{"href":"https:\/\/test.fundssociety.com\/es\/wp-json\/wp\/v2\/pages\/120376"}],"collection":[{"href":"https:\/\/test.fundssociety.com\/es\/wp-json\/wp\/v2\/pages"}],"about":[{"href":"https:\/\/test.fundssociety.com\/es\/wp-json\/wp\/v2\/types\/page"}],"author":[{"embeddable":true,"href":"https:\/\/test.fundssociety.com\/es\/wp-json\/wp\/v2\/users\/1"}],"replies":[{"embeddable":true,"href":"https:\/\/test.fundssociety.com\/es\/wp-json\/wp\/v2\/comments?post=120376"}],"version-history":[{"count":3,"href":"https:\/\/test.fundssociety.com\/es\/wp-json\/wp\/v2\/pages\/120376\/revisions"}],"predecessor-version":[{"id":127342,"href":"https:\/\/test.fundssociety.com\/es\/wp-json\/wp\/v2\/pages\/120376\/revisions\/127342"}],"wp:attachment":[{"href":"https:\/\/test.fundssociety.com\/es\/wp-json\/wp\/v2\/media?parent=120376"}],"curies":[{"name":"wp","href":"https:\/\/api.w.org\/{rel}","templated":true}]}}