{"id":120377,"date":"2019-09-30T14:02:00","date_gmt":"2019-09-30T14:02:00","guid":{"rendered":"http:\/\/fundssociety.lo\/who-we-are-2\/"},"modified":"2022-07-18T10:37:49","modified_gmt":"2022-07-18T08:37:49","slug":"who-we-are","status":"publish","type":"page","link":"https:\/\/test.fundssociety.com\/en\/who-we-are\/","title":{"rendered":"Who We Are"},"content":{"rendered":"<p>&nbsp;<\/p>\n<p><img decoding=\"async\" src=\"https:\/\/www.fundssociety.com\/sites\/default\/files\/inline-images\/alicia-jimenez_2.png\" alt=\"Alicia Jim\u00e9nez de la Riva\" data-entity-type=\"file\" data-entity-uuid=\"36b3aa6c-21f0-4137-b36d-1b4f4d5d491c\"><\/p>\n<p><strong>Alicia Jim\u00e9nez de la Riva, Executive Partner and Director<\/strong>, sums thirteen years of experience in the&nbsp; European financial industry having worked in several banks in Madrid before moving to Miami, where she founded and managed Funds Americas from 2010 to 2012. Previously she worked for 9 years as Head of Research for Self Bank (Group Soci\u00e8t\u00e8 Gen\u00e8rale and La Caixa), being part of the executive team since its creation in year 2000. Before that, she was an Equity Analyst during 4 years in the asset manager and the broker of Banco Santander.<\/p>\n<p>alicia.jimenez@fundssociety.com<\/p>\n<p>&nbsp;<\/p>\n<p><strong><img decoding=\"async\" src=\"https:\/\/www.fundssociety.com\/sites\/default\/files\/inline-images\/elena-santiso_1.png\" alt=\"Elena Santiso\" data-entity-type=\"file\" data-entity-uuid=\"592d047a-261c-47f3-b496-12a87eeccc6d\"><\/strong><\/p>\n<p><strong>Elena Santiso, Executive Partner and Sales and Business Development Director,<\/strong> adds more than 10 years of experience in the financial industry in Spain and the United States. She began her asset management career in the Investment Department of Banco Santader. She has also worked as portfolio manager for the Spanish firm N+1 and in Credit Agricole AM as institutional sales. Elena moved to Miami several years ago working initially for PRS Family Office \u2013member of EFG International-, as portfolio manager for Spanish and Latin American private clients. In 2011 Elena joined Funds Americas as Executive Editor.<\/p>\n<p>elena.santiso@fundssociety.com<\/p>\n<p>&nbsp;<\/p>\n<p><img decoding=\"async\" src=\"https:\/\/www.fundssociety.com\/sites\/default\/files\/inline-images\/alicia-miguel_1.png\" alt=\"Alicia Miguel Serrano\" data-entity-type=\"file\" data-entity-uuid=\"107e344f-7222-485f-81ed-471c81f39aef\"><\/p>\n<p dir=\"ltr\"><strong>Alicia Miguel Serrano<\/strong>, Chief Editor and in charge of Funds Society for the Spanish market. She has 15 years of experience in the world of economic and financial journalism. She began her career at La Gaceta de los Negocios, where she wrote in the Markets section and continued at Funds People, where she developed content related to the investment fund industry. She has also collaborated with publications such as Investment and Finance, and prepared content for BBVA&#8217;s &#8220;Mi Jubilaci\u00f3n&#8221; project. She joined Funds Society in 2013 to develop the content proposal in the Spanish market and directs the newsletter and magazine in this market since its launch (the first one in 2014 and the second one, in January 2016). She is the coordinator of the global editorial team from the Madrid office, established in 2018, which includes both Funds Society and Futuro a Fondo. She has a degree in journalism from the Complutense University of Madrid and has a Master in Economic Information Specialist from the Association of Economic Information Journalists (APIE) and the University of Zaragoza.<\/p>\n<p dir=\"ltr\">alicia.miguel@fundssociety.com<\/p>\n<p dir=\"ltr\">&nbsp;<\/p>\n<p><img decoding=\"async\" src=\"https:\/\/www.fundssociety.com\/sites\/default\/files\/inline-images\/bea_0.png\" alt=\"Beatriz Z\u00fa\u00f1iga\" data-entity-type=\"file\" data-entity-uuid=\"50de0111-a9e9-4623-800e-50740720db7f\"><\/p>\n<p dir=\"ltr\"><strong>Beatriz Z\u00fa\u00f1iga<\/strong> is in charge of the morning newsletter at Funds Society. Based in Madrid, she has more than ten years of experience in economic journalism. She has worked in publications such as Actualidad Econ\u00f3mica, Expansi\u00f3n, La Gaceta de los Negocios and Revista Dinero. She graduated from the Villanueva University Center in 2008, a center attached to the Complutense University of Madrid and, among other complementary formations, completed the postgraduate degree in economic training Specialist in Economic Information, by the Association of Economic Information Journalists (APIE) and the University Men\u00e9ndez Pelayo International (UIMP), in 2015.<\/p>\n<p dir=\"ltr\">beatriz.zuniga@fundssociety.com<\/p>\n<p dir=\"ltr\">&nbsp;<\/p>\n<p><img decoding=\"async\" src=\"https:\/\/www.fundssociety.com\/sites\/default\/files\/inline-images\/ana-llorens.png\" alt=\"Ana Llorens\" data-entity-type=\"file\" data-entity-uuid=\"4ff89e3f-5b68-42be-ad60-6a9e66e55895\"><\/p>\n<p dir=\"ltr\"><strong>Ana Llorens <\/strong>is an economics and finance journalist with over 15 years of experience. She has worked in the Intereconom\u00eda Group, Capital Radio, Forbes, Dirigentes and El Pa\u00eds. Since 2016 she is part of the editorial team of Funds Society in Spain and since 2017 she is Editor in Chief for Futuro a Fondo, a financial education website, belonging to the same communication group. Ana has a degree in Information Sciences (Journalism) from the University of Misissippi and a Master in Economic Information from the University of Zaragoza.<\/p>\n<p dir=\"ltr\">ana.llorens@futuroafondo.com<\/p>\n<p dir=\"ltr\">&nbsp;<\/p>\n<p><img decoding=\"async\" src=\"https:\/\/www.fundssociety.com\/sites\/default\/files\/inline-images\/magda_0.png\" alt=\"Magdalena Mart\u00ednez Vial\" data-entity-type=\"file\" data-entity-uuid=\"79cce71e-23b9-430b-bafa-2fed7724941a\"><\/p>\n<p dir=\"ltr\"><strong>Magdalena Mart\u00ednez Vial<\/strong>, Based in Montevideo, she is in charge of the newsletter for Latin America and is the director of the magazine in the Americas. She has more than 25 years of experience in international media such as El Pa\u00eds, Agence France Presse (AFP), Radio Francia Internacional (RFI) or Euronews, among others. She studied Journalism and Communication at the Free University of Brussels and is the author of the guide book &#8220;Montevideo, the sleeping beauty&#8221;.<\/p>\n<p dir=\"ltr\">magdalena.martinez@fundssociety.com<\/p>\n<p dir=\"ltr\">&nbsp;<\/p>\n<p><img decoding=\"async\" src=\"https:\/\/www.fundssociety.com\/sites\/default\/files\/inline-images\/gabriela.png\" alt=\"Patricia Juli\u00e1\" data-entity-type=\"file\" data-entity-uuid=\"886e790f-c322-4f66-b12f-82579c4e7e62\"><\/p>\n<p dir=\"ltr\"><strong>Gabriela Huerta<\/strong> is a Mexican journalist specializing in finance and asset management. Since 2015 she writes for Funds Society, where she is Editor for the in English website and Offshore newsletter. During the previous two years she was part of the team that launched El Financiero Bloomberg TV, where she worked as an analyst and news anchor. Before joining Bloomberg, she was a correspondent for the Mexican market at Funds Society, a group he has joined since its inception. She previously worked with the founders of Funds Society in Funds Americas, where she started in August 2011, while continuing as vice president of operations and finance at Tacit Knowledge, where she worked from 2007 to April 2012, before following her dream of becoming a journalist. Prior to Tacit Knowledge, she lived six years in Madrid where he worked as a stock market analyst at the Spanish Self Trade Bank, was part of a benchmarking study for Banco Santander Central Hispano and graduated from her MBA at the IEB, as well as her BA in International Business Studies at Saint Louis University.<\/p>\n<p dir=\"ltr\">gabriela.huerta@fundssociety.com<\/p>\n<p dir=\"ltr\">&nbsp;<\/p>\n<p><img decoding=\"async\" src=\"https:\/\/www.fundssociety.com\/sites\/default\/files\/inline-images\/patricia-julia_2.png\" alt=\"Patricia Juli\u00e1\" data-entity-type=\"file\" data-entity-uuid=\"b83b6896-e564-4a9e-be99-d932332c812e\"><\/p>\n<p dir=\"ltr\"><strong>Patricia Juli\u00e1<\/strong> &nbsp;is part of the Funds Society Latam team as an editor in Santiago, Chile. She has about 25 years of experience in the international financial sector having held most of her career in positions related to the management of life insurance portfolios and fixed-income pension funds. Patricia has a degree in business sciences from the European Business School, CEFA (Ceritfied European Financial Analyst) from the Spanish Institute of Financial Analysts and in addition to Spanish she speaks fluently English, French and Portuguese.<\/p>\n<p dir=\"ltr\">patricia.julia@fundssociety.com<\/p>\n<p dir=\"ltr\">&nbsp;<\/p>\n<p><img decoding=\"async\" src=\"https:\/\/www.fundssociety.com\/sites\/default\/files\/inline-images\/irene_0.png\" alt=\"Irene Valiente\" data-entity-type=\"file\" data-entity-uuid=\"3d18507c-24ea-42a3-aa86-95ec33af2536\"><\/p>\n<p dir=\"ltr\"><strong>Irene Valiente<\/strong> is in charge of sponsored content in Funds Society. In addition to devoting herself to economic information, she specializes in cultural journalism and collaborates in travel guides. She began her career at the Cadena SER and later worked at the Efe Agency, first in the section of companies in Madrid and later as a correspondent in Buenos Aires. She has also collaborated with several digital and paper magazines as editor of feminism, culture, leisure and international relations. She graduated in Journalism at the Carlos III University of Madrid in 2014 and studied the International Journalism Master of the UNED.<\/p>\n<p dir=\"ltr\">irene.valiente@fundssociety.com<\/p>\n<p dir=\"ltr\">&nbsp;<\/p>\n<p><img decoding=\"async\" src=\"https:\/\/www.fundssociety.com\/sites\/default\/files\/inline-images\/sofia_0.png\" alt=\"Sof\u00eda Cisneros Gav\u00edn\" data-entity-type=\"file\" data-entity-uuid=\"fc8edb7c-e7f1-4a74-8da3-b5f7d727f05b\"><\/p>\n<p dir=\"ltr\"><strong>Sof\u00eda Cisneros Gav\u00edn <\/strong>graduated in 2019 in Journalism at the Complutense University of Madrid having completed a year at the Vrije Universiteit Brussels. She has experience in the world of sports journalism since she has collaborated with digital media such as Sports Capital or the press department of the Royal Spanish Fencing Federation where she launched the Women and Fencing project. She has recently joined the Futuro a Fondo and Funds Society team as junior editor.<\/p>\n<p dir=\"ltr\">sofia.cisneros@futuroafondo.com<\/p>\n<p dir=\"ltr\">&nbsp;<\/p>\n<p><img decoding=\"async\" src=\"https:\/\/www.fundssociety.com\/sites\/default\/files\/inline-images\/nazaret.png\" alt=\"Nazaret Mora\" data-entity-type=\"file\" data-entity-uuid=\"2052ab8c-08f8-4db4-9c25-4b8c8050174e\"><\/p>\n<p dir=\"ltr\"><strong>Nazaret Mora<\/strong> is responsible for marketing and advertising at Funds Society. With a trajectory of more than fifteen years of experience linked to the financial sector, she began her professional development in the commercial network of banking entities such as Barclays Bank. She subsequently redirected her career to the world of marketing in 2014 with AXA IM. She has collaborated with European banks and national financial magazines such as Funds People, in which she co-led the strategy of digital transformation of the outlet. She studied Law and Business Administration and Management at the Autonomous University of Madrid.<\/p>\n<p dir=\"ltr\">nazaret.mora@fundssociety.com<\/p>\n<p dir=\"ltr\">&nbsp;<\/p>\n<p><img decoding=\"async\" src=\"https:\/\/www.fundssociety.com\/sites\/default\/files\/inline-images\/luis_0.png\" alt=\"Luis Montenegro P\u00e9rez-Moreiras\" data-entity-type=\"file\" data-entity-uuid=\"464e377a-c5c6-42a5-96d1-53fc9d4a94d7\"><\/p>\n<p dir=\"ltr\"><strong>Luis Montenegro P\u00e9rez-Moreiras<\/strong> is the community manager of Funds Society and Futuro a Fondo and is in charge of social networks, reporting to the sponsors of both the magazines and Funds Society&#8217;s database. He also collaborates with the marketing department. He studied Sociology at the Complutense University of Madrid.<\/p>\n<p dir=\"ltr\">luis.montenegro@fundssociety.com<\/p>\n<p dir=\"ltr\">&nbsp;<\/p>\n<p>&nbsp;<\/p>\n","protected":false},"excerpt":{"rendered":"<p>&nbsp; Alicia Jim\u00e9nez de la Riva, Executive Partner and Director, sums thirteen years of experience in the&nbsp; European financial industry having worked in several banks in Madrid before moving to Miami, where she founded and managed Funds Americas from 2010 to 2012. Previously she worked for 9 years as Head of Research for Self Bank&hellip;<\/p>\n<p><a class=\"btn btn-primary\" href=\"https:\/\/test.fundssociety.com\/en\/who-we-are\/\">Continuar leyendo <i class=\"fas fa-arrow-right\"><\/i><\/a><\/p>\n","protected":false},"author":5,"featured_media":0,"parent":0,"menu_order":0,"comment_status":"closed","ping_status":"closed","template":"page-templates\/sobre-nosotros.php","meta":{"content-type":"","inline_featured_image":false,"footnotes":""},"yoast_head":"<!-- This site is optimized with the Yoast SEO plugin v24.2 - https:\/\/yoast.com\/wordpress\/plugins\/seo\/ -->\n<title>Who We Are - Funds Dev<\/title>\n<meta name=\"robots\" content=\"noindex, follow, max-snippet:-1, max-image-preview:large, max-video-preview:-1\" \/>\n<meta property=\"og:locale\" content=\"en_US\" \/>\n<meta property=\"og:type\" content=\"article\" \/>\n<meta property=\"og:title\" content=\"Who We Are - Funds Dev\" \/>\n<meta property=\"og:description\" content=\"&nbsp; Alicia Jim\u00e9nez de la Riva, Executive Partner and Director, sums thirteen years of experience in the&nbsp; European financial industry having worked in several banks in Madrid before moving to Miami, where she founded and managed Funds Americas from 2010 to 2012. Previously she worked for 9 years as Head of Research for Self Bank&hellip;Continuar leyendo\" \/>\n<meta property=\"og:url\" content=\"https:\/\/test.fundssociety.com\/en\/who-we-are\/\" \/>\n<meta property=\"og:site_name\" content=\"Funds Dev\" \/>\n<meta property=\"article:modified_time\" content=\"2022-07-18T08:37:49+00:00\" \/>\n<meta property=\"og:image\" content=\"https:\/\/www.fundssociety.com\/sites\/default\/files\/inline-images\/alicia-jimenez_2.png\" \/>\n<meta name=\"twitter:card\" content=\"summary_large_image\" \/>\n<meta name=\"twitter:label1\" content=\"Est. reading time\" \/>\n\t<meta name=\"twitter:data1\" content=\"9 minutes\" \/>\n<script type=\"application\/ld+json\" class=\"yoast-schema-graph\">{\"@context\":\"https:\/\/schema.org\",\"@graph\":[{\"@type\":\"WebPage\",\"@id\":\"https:\/\/test.fundssociety.com\/en\/who-we-are\/\",\"url\":\"https:\/\/test.fundssociety.com\/en\/who-we-are\/\",\"name\":\"Who We Are - Funds Dev\",\"isPartOf\":{\"@id\":\"https:\/\/test.fundssociety.com\/es\/#website\"},\"primaryImageOfPage\":{\"@id\":\"https:\/\/test.fundssociety.com\/en\/who-we-are\/#primaryimage\"},\"image\":{\"@id\":\"https:\/\/test.fundssociety.com\/en\/who-we-are\/#primaryimage\"},\"thumbnailUrl\":\"https:\/\/www.fundssociety.com\/sites\/default\/files\/inline-images\/alicia-jimenez_2.png\",\"datePublished\":\"2019-09-30T14:02:00+00:00\",\"dateModified\":\"2022-07-18T08:37:49+00:00\",\"breadcrumb\":{\"@id\":\"https:\/\/test.fundssociety.com\/en\/who-we-are\/#breadcrumb\"},\"inLanguage\":\"en-US\",\"potentialAction\":[{\"@type\":\"ReadAction\",\"target\":[\"https:\/\/test.fundssociety.com\/en\/who-we-are\/\"]}]},{\"@type\":\"ImageObject\",\"inLanguage\":\"en-US\",\"@id\":\"https:\/\/test.fundssociety.com\/en\/who-we-are\/#primaryimage\",\"url\":\"https:\/\/www.fundssociety.com\/sites\/default\/files\/inline-images\/alicia-jimenez_2.png\",\"contentUrl\":\"https:\/\/www.fundssociety.com\/sites\/default\/files\/inline-images\/alicia-jimenez_2.png\"},{\"@type\":\"BreadcrumbList\",\"@id\":\"https:\/\/test.fundssociety.com\/en\/who-we-are\/#breadcrumb\",\"itemListElement\":[{\"@type\":\"ListItem\",\"position\":1,\"name\":\"Portada\",\"item\":\"https:\/\/test.fundssociety.com\/es\/\"},{\"@type\":\"ListItem\",\"position\":2,\"name\":\"Who We Are\"}]},{\"@type\":\"WebSite\",\"@id\":\"https:\/\/test.fundssociety.com\/es\/#website\",\"url\":\"https:\/\/test.fundssociety.com\/es\/\",\"name\":\"Funds Dev\",\"description\":\"Punto de encuentro para la industria de Asset y Wealth Management\",\"publisher\":{\"@id\":\"https:\/\/test.fundssociety.com\/es\/#organization\"},\"potentialAction\":[{\"@type\":\"SearchAction\",\"target\":{\"@type\":\"EntryPoint\",\"urlTemplate\":\"https:\/\/test.fundssociety.com\/es\/?s={search_term_string}\"},\"query-input\":{\"@type\":\"PropertyValueSpecification\",\"valueRequired\":true,\"valueName\":\"search_term_string\"}}],\"inLanguage\":\"en-US\"},{\"@type\":\"Organization\",\"@id\":\"https:\/\/test.fundssociety.com\/es\/#organization\",\"name\":\"Funds Dev\",\"url\":\"https:\/\/test.fundssociety.com\/es\/\",\"logo\":{\"@type\":\"ImageObject\",\"inLanguage\":\"en-US\",\"@id\":\"https:\/\/test.fundssociety.com\/es\/#\/schema\/logo\/image\/\",\"url\":\"https:\/\/test.fundssociety.com\/wp-content\/uploads\/2022\/06\/logo.svg\",\"contentUrl\":\"https:\/\/test.fundssociety.com\/wp-content\/uploads\/2022\/06\/logo.svg\",\"width\":355,\"height\":66,\"caption\":\"Funds Dev\"},\"image\":{\"@id\":\"https:\/\/test.fundssociety.com\/es\/#\/schema\/logo\/image\/\"}}]}<\/script>\n<!-- \/ Yoast SEO plugin. -->","yoast_head_json":{"title":"Who We Are - Funds Dev","robots":{"index":"noindex","follow":"follow","max-snippet":"max-snippet:-1","max-image-preview":"max-image-preview:large","max-video-preview":"max-video-preview:-1"},"og_locale":"en_US","og_type":"article","og_title":"Who We Are - Funds Dev","og_description":"&nbsp; Alicia Jim\u00e9nez de la Riva, Executive Partner and Director, sums thirteen years of experience in the&nbsp; European financial industry having worked in several banks in Madrid before moving to Miami, where she founded and managed Funds Americas from 2010 to 2012. Previously she worked for 9 years as Head of Research for Self Bank&hellip;Continuar leyendo","og_url":"https:\/\/test.fundssociety.com\/en\/who-we-are\/","og_site_name":"Funds Dev","article_modified_time":"2022-07-18T08:37:49+00:00","og_image":[{"url":"https:\/\/www.fundssociety.com\/sites\/default\/files\/inline-images\/alicia-jimenez_2.png","type":"","width":"","height":""}],"twitter_card":"summary_large_image","twitter_misc":{"Est. reading time":"9 minutes"},"schema":{"@context":"https:\/\/schema.org","@graph":[{"@type":"WebPage","@id":"https:\/\/test.fundssociety.com\/en\/who-we-are\/","url":"https:\/\/test.fundssociety.com\/en\/who-we-are\/","name":"Who We Are - Funds Dev","isPartOf":{"@id":"https:\/\/test.fundssociety.com\/es\/#website"},"primaryImageOfPage":{"@id":"https:\/\/test.fundssociety.com\/en\/who-we-are\/#primaryimage"},"image":{"@id":"https:\/\/test.fundssociety.com\/en\/who-we-are\/#primaryimage"},"thumbnailUrl":"https:\/\/www.fundssociety.com\/sites\/default\/files\/inline-images\/alicia-jimenez_2.png","datePublished":"2019-09-30T14:02:00+00:00","dateModified":"2022-07-18T08:37:49+00:00","breadcrumb":{"@id":"https:\/\/test.fundssociety.com\/en\/who-we-are\/#breadcrumb"},"inLanguage":"en-US","potentialAction":[{"@type":"ReadAction","target":["https:\/\/test.fundssociety.com\/en\/who-we-are\/"]}]},{"@type":"ImageObject","inLanguage":"en-US","@id":"https:\/\/test.fundssociety.com\/en\/who-we-are\/#primaryimage","url":"https:\/\/www.fundssociety.com\/sites\/default\/files\/inline-images\/alicia-jimenez_2.png","contentUrl":"https:\/\/www.fundssociety.com\/sites\/default\/files\/inline-images\/alicia-jimenez_2.png"},{"@type":"BreadcrumbList","@id":"https:\/\/test.fundssociety.com\/en\/who-we-are\/#breadcrumb","itemListElement":[{"@type":"ListItem","position":1,"name":"Portada","item":"https:\/\/test.fundssociety.com\/es\/"},{"@type":"ListItem","position":2,"name":"Who We Are"}]},{"@type":"WebSite","@id":"https:\/\/test.fundssociety.com\/es\/#website","url":"https:\/\/test.fundssociety.com\/es\/","name":"Funds Dev","description":"Punto de encuentro para la industria de Asset y Wealth Management","publisher":{"@id":"https:\/\/test.fundssociety.com\/es\/#organization"},"potentialAction":[{"@type":"SearchAction","target":{"@type":"EntryPoint","urlTemplate":"https:\/\/test.fundssociety.com\/es\/?s={search_term_string}"},"query-input":{"@type":"PropertyValueSpecification","valueRequired":true,"valueName":"search_term_string"}}],"inLanguage":"en-US"},{"@type":"Organization","@id":"https:\/\/test.fundssociety.com\/es\/#organization","name":"Funds Dev","url":"https:\/\/test.fundssociety.com\/es\/","logo":{"@type":"ImageObject","inLanguage":"en-US","@id":"https:\/\/test.fundssociety.com\/es\/#\/schema\/logo\/image\/","url":"https:\/\/test.fundssociety.com\/wp-content\/uploads\/2022\/06\/logo.svg","contentUrl":"https:\/\/test.fundssociety.com\/wp-content\/uploads\/2022\/06\/logo.svg","width":355,"height":66,"caption":"Funds Dev"},"image":{"@id":"https:\/\/test.fundssociety.com\/es\/#\/schema\/logo\/image\/"}}]}},"acf":[],"_links":{"self":[{"href":"https:\/\/test.fundssociety.com\/en\/wp-json\/wp\/v2\/pages\/120377"}],"collection":[{"href":"https:\/\/test.fundssociety.com\/en\/wp-json\/wp\/v2\/pages"}],"about":[{"href":"https:\/\/test.fundssociety.com\/en\/wp-json\/wp\/v2\/types\/page"}],"author":[{"embeddable":true,"href":"https:\/\/test.fundssociety.com\/en\/wp-json\/wp\/v2\/users\/5"}],"replies":[{"embeddable":true,"href":"https:\/\/test.fundssociety.com\/en\/wp-json\/wp\/v2\/comments?post=120377"}],"version-history":[{"count":1,"href":"https:\/\/test.fundssociety.com\/en\/wp-json\/wp\/v2\/pages\/120377\/revisions"}],"predecessor-version":[{"id":127306,"href":"https:\/\/test.fundssociety.com\/en\/wp-json\/wp\/v2\/pages\/120377\/revisions\/127306"}],"wp:attachment":[{"href":"https:\/\/test.fundssociety.com\/en\/wp-json\/wp\/v2\/media?parent=120377"}],"curies":[{"name":"wp","href":"https:\/\/api.w.org\/{rel}","templated":true}]}}